{"id":7,"date":"2023-12-20T18:08:48","date_gmt":"2023-12-20T18:08:48","guid":{"rendered":"https:\/\/huseyinkacin.com\/?page_id=7"},"modified":"2025-06-04T13:44:39","modified_gmt":"2025-06-04T13:44:39","slug":"escinsel-terapi","status":"publish","type":"page","link":"https:\/\/huseyinkacin.com\/","title":{"rendered":"E\u015eC\u0130NSEL TERAP\u0130"},"content":{"rendered":"\n<figure class=\"wp-block-embed is-type-video is-provider-youtube wp-block-embed-youtube wp-embed-aspect-16-9 wp-has-aspect-ratio\"><div class=\"wp-block-embed__wrapper\">\n<iframe loading=\"lazy\" title=\"Psikolog H\u00fcseyin Ka\u00e7\u0131n\" width=\"500\" height=\"281\" src=\"https:\/\/www.youtube.com\/embed\/s1fM5viIsMI?feature=oembed\" frameborder=\"0\" allow=\"accelerometer; autoplay; clipboard-write; encrypted-media; gyroscope; picture-in-picture; web-share\" referrerpolicy=\"strict-origin-when-cross-origin\" allowfullscreen><\/iframe>\n<\/div><\/figure>\n\n\n\n<h2 class=\"wp-block-heading has-text-align-center\"><strong><em>PS\u0130KOLOG H\u00dcSEY\u0130N KA\u00c7IN<\/em><\/strong><\/h2>\n\n\n\n<figure class=\"wp-block-embed is-type-video is-provider-youtube wp-block-embed-youtube wp-embed-aspect-16-9 wp-has-aspect-ratio\"><div class=\"wp-block-embed__wrapper\">\n<iframe loading=\"lazy\" title=\"Ebeveyn Olmak\" width=\"500\" height=\"281\" src=\"https:\/\/www.youtube.com\/embed\/-mu-OsubJRY?feature=oembed\" frameborder=\"0\" allow=\"accelerometer; autoplay; clipboard-write; encrypted-media; gyroscope; picture-in-picture; web-share\" referrerpolicy=\"strict-origin-when-cross-origin\" allowfullscreen><\/iframe>\n<\/div><\/figure>\n\n\n\n<p class=\"has-text-align-center\"><strong><em>EBEVEYN OLMAK H\u00dcSEY\u0130N KA\u00c7IN&#8217;IN SES\u0130NDEN&#8230;<\/em><\/strong><\/p>\n\n\n\n<figure class=\"wp-block-embed alignwide is-type-video is-provider-youtube wp-block-embed-youtube wp-embed-aspect-16-9 wp-has-aspect-ratio\"><div class=\"wp-block-embed__wrapper\">\n<iframe loading=\"lazy\" title=\"E$cinsellik Hastal\u0131k De\u011fildir. Kavramlar\u0131m\u0131z\u0131 Yitirdi\u011fimizde Kaybettik...\" width=\"500\" height=\"281\" src=\"https:\/\/www.youtube.com\/embed\/zrXKvUexczQ?feature=oembed\" frameborder=\"0\" allow=\"accelerometer; autoplay; clipboard-write; encrypted-media; gyroscope; picture-in-picture; web-share\" referrerpolicy=\"strict-origin-when-cross-origin\" allowfullscreen><\/iframe>\n<\/div><\/figure>\n\n\n\n<div class=\"wp-block-buttons is-layout-flex wp-block-buttons-is-layout-flex\">\n<div class=\"wp-block-button\"><a class=\"wp-block-button__link wp-element-button\">E\u015eC\u0130NSELL\u0130K HASTALIK DE\u011e\u0130LD\u0130R. KAVRAMLARIMIZI Y\u0130T\u0130RD\u0130\u011e\u0130M\u0130ZDE KAYBETT\u0130K&#8230;<\/a><\/div>\n<\/div>\n\n\n\n<figure class=\"wp-block-embed is-type-video is-provider-youtube wp-block-embed-youtube wp-embed-aspect-16-9 wp-has-aspect-ratio\"><div class=\"wp-block-embed__wrapper\">\n<iframe loading=\"lazy\" title=\"T\u00fcrkiye&#039;de Dijital Siyonizm Tehlikesi\" width=\"500\" height=\"281\" src=\"https:\/\/www.youtube.com\/embed\/Pjp1DXd-J4A?start=10&#038;feature=oembed\" frameborder=\"0\" allow=\"accelerometer; autoplay; clipboard-write; encrypted-media; gyroscope; picture-in-picture; web-share\" referrerpolicy=\"strict-origin-when-cross-origin\" allowfullscreen><\/iframe>\n<\/div><figcaption class=\"wp-element-caption\"><strong>T\u00fcrkiye&#8217;de Dijital Siyonizm Tehlikesi<\/strong><\/figcaption><\/figure>\n\n\n\n<figure class=\"wp-block-video alignwide\"><video height=\"720\" style=\"aspect-ratio: 1280 \/ 720;\" width=\"1280\" controls src=\"https:\/\/huseyinkacin.com\/wp-content\/uploads\/2025\/02\/Dunyada-Bir-Ilk.-7-Subat-2025-Binici-ile-Soz-Meydani.mp4\"><\/video><\/figure>\n\n\n\n<h2 class=\"wp-block-heading\">D\u00fcnyada Bir \u0130lk!.. 7 \u015eubat 2025 Binici ile S\u00f6z Meydan\u0131<\/h2>\n\n\n\n<figure class=\"wp-block-video alignfull\"><video height=\"1080\" style=\"aspect-ratio: 1920 \/ 1080;\" width=\"1920\" controls src=\"https:\/\/huseyinkacin.com\/wp-content\/uploads\/2024\/06\/Huseyin-Kacin-REV-LB.mp4\"><\/video><figcaption class=\"wp-element-caption\"><strong>Doludizgin&#8217;e Konu\u015fan H\u00fcseyin Ka\u00e7\u0131n E\u015fcinsellik Ve E\u015fcinsel Terapi Hakk\u0131nda Bilinmeyenleri Anlat\u0131yor&#8230;<\/strong><\/figcaption><\/figure>\n\n\n\n<p><\/p>\n\n\n\n<figure class=\"wp-block-video alignleft\"><video height=\"1080\" style=\"aspect-ratio: 1920 \/ 1080;\" width=\"1920\" controls src=\"https:\/\/huseyinkacin.com\/wp-content\/uploads\/2023\/12\/Escinsellik-Aile-Hastaligidir-Huseyin-Kacin-Moderator-Fatma-Gulsen-Kocak.mp4\"><\/video><figcaption class=\"wp-element-caption\"><strong>MAVERA TV&#8217;de Konu\u015fan Psikolog H\u00fcseyin KA\u00c7IN E\u015fcinsellik Hakk\u0131nda Bilgi Veriyor.<\/strong><\/figcaption><\/figure>\n\n\n\n<div class=\"wp-block-group alignwide has-contrast-color has-base-background-color has-text-color has-background\" style=\"margin-top:0;margin-bottom:0;padding-top:var(--wp--preset--spacing--60);padding-right:var(--wp--preset--spacing--60);padding-bottom:var(--wp--preset--spacing--60);padding-left:var(--wp--preset--spacing--60)\"><div class=\"wp-block-group__inner-container is-layout-constrained wp-container-core-group-is-layout-409b3081 wp-block-group-is-layout-constrained\">\n<figure class=\"wp-block-video alignwide\"><video height=\"720\" style=\"aspect-ratio: 1280 \/ 720;\" width=\"1280\" controls src=\"https:\/\/huseyinkacin.com\/wp-content\/uploads\/2023\/12\/2023-11-09-23-48-11.mp4\"><\/video><figcaption class=\"wp-element-caption\"><strong>K\u0131z\u0131lelma: Filistin&#8217;in yani Mescid-i Aksa&#8217;n\u0131n ve Kud\u00fcs&#8217;\u00fcn intikam\u0131 Roma&#8217;d\u0131r!<\/strong><\/figcaption><\/figure>\n\n\n\n<p><a href=\"https:\/\/www.habervakti.com\/kizilelma-filistinin-yani-mescid-i-aksanin-ve-kudusun-intikami-romadir\">https:\/\/www.habervakti.com\/kizilelma-filistinin-yani-mescid-i-aksanin-ve-kudusun-intikami-romadir<\/a><\/p>\n<\/div><\/div>\n\n\n\n<div class=\"wp-block-group alignwide has-contrast-color has-base-background-color has-text-color has-background\" style=\"margin-top:0;margin-bottom:0;padding-top:var(--wp--preset--spacing--60);padding-right:var(--wp--preset--spacing--60);padding-bottom:var(--wp--preset--spacing--60);padding-left:var(--wp--preset--spacing--60)\"><div class=\"wp-block-group__inner-container is-layout-constrained wp-container-core-group-is-layout-409b3081 wp-block-group-is-layout-constrained\">\n<figure class=\"wp-block-embed alignwide is-type-video is-provider-youtube wp-block-embed-youtube wp-embed-aspect-16-9 wp-has-aspect-ratio\" style=\"margin-top:0;margin-right:0;margin-bottom:0;margin-left:0\"><div class=\"wp-block-embed__wrapper\">\n<iframe loading=\"lazy\" title=\"S\u00fcleyman Mabedi ve G\u00f6klerin Krall\u0131\u011f\u0131 i\u00e7in \u0130slam Medeniyeti\u2019nin Kutsal Ailesi y\u0131k\u0131l\u0131yor\" width=\"500\" height=\"281\" src=\"https:\/\/www.youtube.com\/embed\/8G-1o_syPcw?feature=oembed\" frameborder=\"0\" allow=\"accelerometer; autoplay; clipboard-write; encrypted-media; gyroscope; picture-in-picture; web-share\" referrerpolicy=\"strict-origin-when-cross-origin\" allowfullscreen><\/iframe>\n<\/div><figcaption class=\"wp-element-caption\"><strong><a href=\"https:\/\/www.habervakti.com\/suleyman-mabedi-ve-goklerin-kralligi-icin-islam-medeniyetinin-kutsal-ailesi-yikiliyor\" target=\"_blank\" rel=\"noreferrer noopener\"> https:\/\/www.habervakti.com\/suleyman-mabedi-ve-goklerin-kralligi-icin-islam-medeniyetinin-kutsal-ailesi-yikiliyor<\/a><\/strong><\/figcaption><\/figure>\n<\/div><\/div>\n\n\n\n<div class=\"wp-block-group alignwide has-contrast-color has-base-background-color has-text-color has-background\" style=\"margin-top:0;margin-bottom:0;padding-top:var(--wp--preset--spacing--60);padding-right:var(--wp--preset--spacing--60);padding-bottom:var(--wp--preset--spacing--60);padding-left:var(--wp--preset--spacing--60)\"><div class=\"wp-block-group__inner-container is-layout-constrained wp-container-core-group-is-layout-409b3081 wp-block-group-is-layout-constrained\">\n<figure class=\"wp-block-embed alignwide is-type-video is-provider-youtube wp-block-embed-youtube wp-embed-aspect-16-9 wp-has-aspect-ratio\" style=\"margin-top:0;margin-right:0;margin-bottom:0;margin-left:0\"><div class=\"wp-block-embed__wrapper\">\n<iframe loading=\"lazy\" title=\"Devlet Her \u00c7ocu\u011fa Ruh Sa\u011fl\u0131\u011f\u0131 Yerinde Anne Baba Sa\u011flamakla\u00a0Y\u00fck\u00fcml\u00fcd\u00fcr.\" width=\"500\" height=\"281\" src=\"https:\/\/www.youtube.com\/embed\/gTB2GnB_Af4?start=23&#038;feature=oembed\" frameborder=\"0\" allow=\"accelerometer; autoplay; clipboard-write; encrypted-media; gyroscope; picture-in-picture; web-share\" referrerpolicy=\"strict-origin-when-cross-origin\" allowfullscreen><\/iframe>\n<\/div><figcaption class=\"wp-element-caption\"><strong>Akit TV \u2018de Konu\u015fan H\u00fcseyin Ka\u00e7\u0131n E\u015fcinselli\u011fi Bireysel ve Toplumsal A\u00e7\u0131dan Ele Al\u0131yor.<\/strong><\/figcaption><\/figure>\n<\/div><\/div>\n\n\n\n<div class=\"wp-block-group alignwide has-contrast-color has-base-background-color has-text-color has-background\" style=\"margin-top:0;margin-bottom:0;padding-top:var(--wp--preset--spacing--60);padding-right:var(--wp--preset--spacing--60);padding-bottom:var(--wp--preset--spacing--60);padding-left:var(--wp--preset--spacing--60)\"><div class=\"wp-block-group__inner-container is-layout-constrained wp-container-core-group-is-layout-409b3081 wp-block-group-is-layout-constrained\">\n<figure class=\"wp-block-embed alignwide is-type-video is-provider-youtube wp-block-embed-youtube wp-embed-aspect-16-9 wp-has-aspect-ratio\" style=\"margin-top:0;margin-right:0;margin-bottom:0;margin-left:0\"><div class=\"wp-block-embed__wrapper\">\n<iframe loading=\"lazy\" title=\"Psikolog H\u00fcseyin Ka\u00e7\u0131n TV5 Haber Merkezi St\u00fcdyo Konu\u011fu 27 Mart 2011\" width=\"500\" height=\"281\" src=\"https:\/\/www.youtube.com\/embed\/RfEz-dYRwyU?feature=oembed\" frameborder=\"0\" allow=\"accelerometer; autoplay; clipboard-write; encrypted-media; gyroscope; picture-in-picture; web-share\" referrerpolicy=\"strict-origin-when-cross-origin\" allowfullscreen><\/iframe>\n<\/div><figcaption class=\"wp-element-caption\">Y\u0131llard\u0131r Bu Konuyla \u0130lgilenmi\u015f Bir Psikolog&#8230;<\/figcaption><\/figure>\n<\/div><\/div>\n\n\n\n<div class=\"wp-block-group alignwide has-contrast-color has-base-background-color has-text-color has-background\" style=\"margin-top:0;margin-bottom:0;padding-top:var(--wp--preset--spacing--60);padding-right:var(--wp--preset--spacing--60);padding-bottom:var(--wp--preset--spacing--60);padding-left:var(--wp--preset--spacing--60)\"><div class=\"wp-block-group__inner-container is-layout-constrained wp-container-core-group-is-layout-409b3081 wp-block-group-is-layout-constrained\">\n<figure class=\"wp-block-embed alignwide is-type-video is-provider-youtube wp-block-embed-youtube wp-embed-aspect-16-9 wp-has-aspect-ratio\" style=\"margin-top:0;margin-right:0;margin-bottom:0;margin-left:0\"><div class=\"wp-block-embed__wrapper\">\n<iframe loading=\"lazy\" title=\"C\u00fcneyt Ark\u0131n Gibi Kahraman Baba; H\u00fclya Ko\u00e7yi\u011fit Gibi \u015eefkatli Anne Olmak!\" width=\"500\" height=\"281\" src=\"https:\/\/www.youtube.com\/embed\/TvFe0OSCEZs?start=1&#038;feature=oembed\" frameborder=\"0\" allow=\"accelerometer; autoplay; clipboard-write; encrypted-media; gyroscope; picture-in-picture; web-share\" referrerpolicy=\"strict-origin-when-cross-origin\" allowfullscreen><\/iframe>\n<\/div><figcaption class=\"wp-element-caption\">C\u00fcneyt Ark\u0131n Gibi Kahraman Baba; H\u00fclya Ko\u00e7yi\u011fit Gibi \u015eefkatli Anne Olmak!<\/figcaption><\/figure>\n<\/div><\/div>\n\n\n\n<figure class=\"wp-block-embed alignwide is-type-video is-provider-youtube wp-block-embed-youtube wp-embed-aspect-16-9 wp-has-aspect-ratio\"><div class=\"wp-block-embed__wrapper\">\n<iframe loading=\"lazy\" title=\"\u00d6zal\u0131n \u00fc\u00e7 be\u015f \u00e7apulcusundan ter\u00f6ristler \u00e7\u0131km\u0131\u015ft\u0131 Erdo\u011fan&#039;\u0131n \u00fc\u00e7 be\u015f \u00e7apulcusundan e\u015fcinseller\u00a0\u00e7\u0131k\u0131yor\" width=\"500\" height=\"281\" src=\"https:\/\/www.youtube.com\/embed\/WfV8FrNzE20?start=43&#038;feature=oembed\" frameborder=\"0\" allow=\"accelerometer; autoplay; clipboard-write; encrypted-media; gyroscope; picture-in-picture; web-share\" referrerpolicy=\"strict-origin-when-cross-origin\" allowfullscreen><\/iframe>\n<\/div><\/figure>\n\n\n\n<h5 class=\"wp-block-heading alignwide\"><strong>\u00d6zal&#8217;\u0131n \u00fc\u00e7 be\u015f \u00e7apulcusundan ter\u00f6ristler \u00e7\u0131km\u0131\u015ft\u0131. Erdo\u011fan&#8217;\u0131n \u00fc\u00e7 be\u015f \u00e7apulcusundan e\u015fcinseller \u00e7\u0131k\u0131yor&#8230;<\/strong><\/h5>\n\n\n\n<figure class=\"wp-block-embed alignwide is-type-video is-provider-youtube wp-block-embed-youtube wp-embed-aspect-16-9 wp-has-aspect-ratio\"><div class=\"wp-block-embed__wrapper\">\n<iframe loading=\"lazy\" title=\"E$cinsellik Hastal\u0131k De\u011fildir. Kavramlar\u0131m\u0131z\u0131 Yitirdi\u011fimizde Kaybettik...\" width=\"500\" height=\"281\" src=\"https:\/\/www.youtube.com\/embed\/zrXKvUexczQ?feature=oembed\" frameborder=\"0\" allow=\"accelerometer; autoplay; clipboard-write; encrypted-media; gyroscope; picture-in-picture; web-share\" referrerpolicy=\"strict-origin-when-cross-origin\" allowfullscreen><\/iframe>\n<\/div><\/figure>\n\n\n\n<div class=\"wp-block-columns are-vertically-aligned-center is-layout-flex wp-container-core-columns-is-layout-9d6595d7 wp-block-columns-is-layout-flex\">\n<div class=\"wp-block-column is-vertically-aligned-center is-layout-flow wp-block-column-is-layout-flow\" style=\"flex-basis:100%\">\n<div class=\"wp-block-jetpack-markdown\"><p>Aile Modeli Nas\u0131l Olmal\u0131yd\u0131? Bat\u0131l\u0131la\u015fman\u0131n Aile, \u0130nsan \u00dczerindeki Etkisi Nelerdir? Toplum Aynalar\u0131 E\u015fcinsellerimizdir. #H\u00fcseyinKa\u00e7\u0131n<\/p>\n<\/div>\n\n\n\n<figure class=\"wp-block-embed alignfull is-type-video is-provider-youtube wp-block-embed-youtube wp-embed-aspect-16-9 wp-has-aspect-ratio\"><div class=\"wp-block-embed__wrapper\">\n<iframe loading=\"lazy\" title=\"Ya Sisteme Ayak Uyduramazsak? Bu K\u00f6t\u00fc m\u00fc?\" width=\"500\" height=\"281\" src=\"https:\/\/www.youtube.com\/embed\/qukn8kUvByQ?feature=oembed\" frameborder=\"0\" allow=\"accelerometer; autoplay; clipboard-write; encrypted-media; gyroscope; picture-in-picture; web-share\" referrerpolicy=\"strict-origin-when-cross-origin\" allowfullscreen><\/iframe>\n<\/div><figcaption class=\"wp-element-caption\"><strong>Ya Sisteme Ayak Uyduramazsak? Bu K\u00f6t\u00fc m\u00fc?<\/strong><\/figcaption><\/figure>\n<\/div>\n<\/div>\n\n\n\n<figure class=\"wp-block-embed is-type-video is-provider-youtube wp-block-embed-youtube wp-embed-aspect-16-9 wp-has-aspect-ratio\"><div class=\"wp-block-embed__wrapper\">\n<iframe loading=\"lazy\" title=\"Modernizm&#039;in Toplumdan Bireye Etkileri Nelerdir? D\u00fcnya Sisteminde \u0130nsan Nerede?\" width=\"500\" height=\"281\" src=\"https:\/\/www.youtube.com\/embed\/KsB5FR4sss4?feature=oembed\" frameborder=\"0\" allow=\"accelerometer; autoplay; clipboard-write; encrypted-media; gyroscope; picture-in-picture; web-share\" referrerpolicy=\"strict-origin-when-cross-origin\" allowfullscreen><\/iframe>\n<\/div><figcaption class=\"wp-element-caption\"><strong>Modernizm&#8217;in Toplumdan Bireye Etkileri Nelerdir? D\u00fcnya Sisteminde \u0130nsan Nerede?<\/strong><\/figcaption><\/figure>\n\n\n\n<figure class=\"wp-block-embed is-type-video is-provider-youtube wp-block-embed-youtube wp-embed-aspect-16-9 wp-has-aspect-ratio\"><div class=\"wp-block-embed__wrapper\">\n<iframe loading=\"lazy\" title=\"Mah\u015ferin \u00dc\u00e7 Atl\u0131s\u0131\" width=\"500\" height=\"281\" src=\"https:\/\/www.youtube.com\/embed\/rot06PN5le0?feature=oembed\" frameborder=\"0\" allow=\"accelerometer; autoplay; clipboard-write; encrypted-media; gyroscope; picture-in-picture; web-share\" referrerpolicy=\"strict-origin-when-cross-origin\" allowfullscreen><\/iframe>\n<\/div><\/figure>\n\n\n\n<pre class=\"wp-block-verse has-text-align-center\"><strong><em>MAH\u015eER\u0130N \u00dc\u00c7 ATLISI<\/em><\/strong><\/pre>\n\n\n\n<div class=\"wp-block-group is-layout-grid wp-container-core-group-is-layout-9649a0d9 wp-block-group-is-layout-grid\">\n<figure class=\"wp-block-embed is-type-video is-provider-youtube wp-block-embed-youtube wp-embed-aspect-16-9 wp-has-aspect-ratio\"><div class=\"wp-block-embed__wrapper\">\n<iframe loading=\"lazy\" title=\"T\u00fcrkiye&#039;de Dijital Siyonizm Tehlikesi\" width=\"500\" height=\"281\" src=\"https:\/\/www.youtube.com\/embed\/Pjp1DXd-J4A?feature=oembed\" frameborder=\"0\" allow=\"accelerometer; autoplay; clipboard-write; encrypted-media; gyroscope; picture-in-picture; web-share\" referrerpolicy=\"strict-origin-when-cross-origin\" allowfullscreen><\/iframe>\n<\/div><\/figure>\n\n\n\n<figure class=\"wp-block-embed is-type-video is-provider-youtube wp-block-embed-youtube wp-embed-aspect-16-9 wp-has-aspect-ratio\"><div class=\"wp-block-embed__wrapper\">\n<iframe loading=\"lazy\" title=\"Mavi Hap m\u0131 K\u0131rm\u0131z\u0131 Hap m\u0131, Bu Senin Elinde?\" width=\"500\" height=\"281\" src=\"https:\/\/www.youtube.com\/embed\/ZNnlnGPi8EI?feature=oembed\" frameborder=\"0\" allow=\"accelerometer; autoplay; clipboard-write; encrypted-media; gyroscope; picture-in-picture; web-share\" referrerpolicy=\"strict-origin-when-cross-origin\" allowfullscreen><\/iframe>\n<\/div><\/figure>\n\n\n\n<figure class=\"wp-block-embed is-type-video is-provider-youtube wp-block-embed-youtube wp-embed-aspect-16-9 wp-has-aspect-ratio\"><div class=\"wp-block-embed__wrapper\">\n<iframe loading=\"lazy\" title=\"Din&#039;in Ontolojisindeki Ama\u00e7 Nedir? [ALLAH SEN\u0130 TERKETMED\u0130]\" width=\"500\" height=\"281\" src=\"https:\/\/www.youtube.com\/embed\/m7DsyxSmJkQ?feature=oembed\" frameborder=\"0\" allow=\"accelerometer; autoplay; clipboard-write; encrypted-media; gyroscope; picture-in-picture; web-share\" referrerpolicy=\"strict-origin-when-cross-origin\" allowfullscreen><\/iframe>\n<\/div><\/figure>\n<\/div>\n\n\n<div class=\"wp-block-image is-style-rounded\">\n<figure class=\"alignright size-full is-resized\"><img loading=\"lazy\" decoding=\"async\" width=\"662\" height=\"832\" src=\"https:\/\/huseyinkacin.com\/wp-content\/uploads\/2025\/02\/Ekran-goruntusu-2025-02-12-213805-2.png\" alt=\"\" class=\"wp-image-212\" style=\"aspect-ratio:1;width:140px;height:auto\" srcset=\"https:\/\/huseyinkacin.com\/wp-content\/uploads\/2025\/02\/Ekran-goruntusu-2025-02-12-213805-2.png 662w, https:\/\/huseyinkacin.com\/wp-content\/uploads\/2025\/02\/Ekran-goruntusu-2025-02-12-213805-2-239x300.png 239w\" sizes=\"auto, (max-width: 662px) 100vw, 662px\" \/><\/figure>\n<\/div>\n\n\n<blockquote class=\"wp-block-quote has-text-align-center is-style-large is-layout-flow wp-block-quote-is-layout-flow\">\n<p>&#8220;E\u015fcinsellik Aile Hastal\u0131\u011f\u0131d\u0131r&#8230;&#8221;<\/p>\n\n\n\n<p><\/p>\n<cite>\u2014 <em><strong>H\u00dcSEY\u0130N KA\u00c7IN<\/strong><\/em><\/cite><\/blockquote>\n\n\n\n<p><\/p>\n<div class=\"pvc_clear\"><\/div><p id=\"pvc_stats_7\" class=\"pvc_stats all  \" data-element-id=\"7\" style=\"\"><i class=\"pvc-stats-icon medium\" aria-hidden=\"true\"><svg aria-hidden=\"true\" focusable=\"false\" data-prefix=\"far\" data-icon=\"chart-bar\" role=\"img\" xmlns=\"http:\/\/www.w3.org\/2000\/svg\" viewBox=\"0 0 512 512\" class=\"svg-inline--fa fa-chart-bar fa-w-16 fa-2x\"><path fill=\"currentColor\" d=\"M396.8 352h22.4c6.4 0 12.8-6.4 12.8-12.8V108.8c0-6.4-6.4-12.8-12.8-12.8h-22.4c-6.4 0-12.8 6.4-12.8 12.8v230.4c0 6.4 6.4 12.8 12.8 12.8zm-192 0h22.4c6.4 0 12.8-6.4 12.8-12.8V140.8c0-6.4-6.4-12.8-12.8-12.8h-22.4c-6.4 0-12.8 6.4-12.8 12.8v198.4c0 6.4 6.4 12.8 12.8 12.8zm96 0h22.4c6.4 0 12.8-6.4 12.8-12.8V204.8c0-6.4-6.4-12.8-12.8-12.8h-22.4c-6.4 0-12.8 6.4-12.8 12.8v134.4c0 6.4 6.4 12.8 12.8 12.8zM496 400H48V80c0-8.84-7.16-16-16-16H16C7.16 64 0 71.16 0 80v336c0 17.67 14.33 32 32 32h464c8.84 0 16-7.16 16-16v-16c0-8.84-7.16-16-16-16zm-387.2-48h22.4c6.4 0 12.8-6.4 12.8-12.8v-70.4c0-6.4-6.4-12.8-12.8-12.8h-22.4c-6.4 0-12.8 6.4-12.8 12.8v70.4c0 6.4 6.4 12.8 12.8 12.8z\" class=\"\"><\/path><\/svg><\/i> <img loading=\"lazy\" decoding=\"async\" width=\"16\" height=\"16\" alt=\"Loading\" src=\"https:\/\/huseyinkacin.com\/wp-content\/plugins\/page-views-count\/ajax-loader-2x.gif\" border=0 \/><\/p><div class=\"pvc_clear\"><\/div>","protected":false},"excerpt":{"rendered":"<p>PS\u0130KOLOG H\u00dcSEY\u0130N KA\u00c7IN EBEVEYN OLMAK H\u00dcSEY\u0130N KA\u00c7IN&#8217;IN SES\u0130NDEN&#8230; D\u00fcnyada Bir \u0130lk!.. 7 \u015eubat 2025 Binici ile S\u00f6z Meydan\u0131 https:\/\/www.habervakti.com\/kizilelma-filistinin-yani-mescid-i-aksanin-ve-kudusun-intikami-romadir \u00d6zal&#8217;\u0131n \u00fc\u00e7 be\u015f \u00e7apulcusundan ter\u00f6ristler \u00e7\u0131km\u0131\u015ft\u0131. Erdo\u011fan&#8217;\u0131n \u00fc\u00e7 be\u015f \u00e7apulcusundan e\u015fcinseller&#8230;<\/p>\n<div class=\"more-link-wrapper\"><a class=\"more-link\" href=\"https:\/\/huseyinkacin.com\/\">Devam\u0131n\u0131 Oku<span class=\"screen-reader-text\">E\u015eC\u0130NSEL TERAP\u0130<\/span><\/a><\/div>\n<div class=\"pvc_clear\"><\/div>\n<p id=\"pvc_stats_7\" class=\"pvc_stats all  \" data-element-id=\"7\" style=\"\"><i class=\"pvc-stats-icon medium\" aria-hidden=\"true\"><svg aria-hidden=\"true\" focusable=\"false\" data-prefix=\"far\" data-icon=\"chart-bar\" role=\"img\" xmlns=\"http:\/\/www.w3.org\/2000\/svg\" viewBox=\"0 0 512 512\" class=\"svg-inline--fa fa-chart-bar fa-w-16 fa-2x\"><path fill=\"currentColor\" d=\"M396.8 352h22.4c6.4 0 12.8-6.4 12.8-12.8V108.8c0-6.4-6.4-12.8-12.8-12.8h-22.4c-6.4 0-12.8 6.4-12.8 12.8v230.4c0 6.4 6.4 12.8 12.8 12.8zm-192 0h22.4c6.4 0 12.8-6.4 12.8-12.8V140.8c0-6.4-6.4-12.8-12.8-12.8h-22.4c-6.4 0-12.8 6.4-12.8 12.8v198.4c0 6.4 6.4 12.8 12.8 12.8zm96 0h22.4c6.4 0 12.8-6.4 12.8-12.8V204.8c0-6.4-6.4-12.8-12.8-12.8h-22.4c-6.4 0-12.8 6.4-12.8 12.8v134.4c0 6.4 6.4 12.8 12.8 12.8zM496 400H48V80c0-8.84-7.16-16-16-16H16C7.16 64 0 71.16 0 80v336c0 17.67 14.33 32 32 32h464c8.84 0 16-7.16 16-16v-16c0-8.84-7.16-16-16-16zm-387.2-48h22.4c6.4 0 12.8-6.4 12.8-12.8v-70.4c0-6.4-6.4-12.8-12.8-12.8h-22.4c-6.4 0-12.8 6.4-12.8 12.8v70.4c0 6.4 6.4 12.8 12.8 12.8z\" class=\"\"><\/path><\/svg><\/i> <img loading=\"lazy\" decoding=\"async\" width=\"16\" height=\"16\" alt=\"Loading\" src=\"https:\/\/huseyinkacin.com\/wp-content\/plugins\/page-views-count\/ajax-loader-2x.gif\" border=0 \/><\/p>\n<div class=\"pvc_clear\"><\/div>\n","protected":false},"author":1,"featured_media":0,"parent":0,"menu_order":0,"comment_status":"closed","ping_status":"closed","template":"","meta":{"iawp_total_views":6231,"footnotes":""},"class_list":["post-7","page","type-page","status-publish","hentry","excerpt"],"a3_pvc":{"activated":true,"total_views":10958,"today_views":8},"jetpack-related-posts":[],"jetpack_likes_enabled":true,"jetpack_sharing_enabled":true,"_links":{"self":[{"href":"https:\/\/huseyinkacin.com\/index.php\/wp-json\/wp\/v2\/pages\/7","targetHints":{"allow":["GET"]}}],"collection":[{"href":"https:\/\/huseyinkacin.com\/index.php\/wp-json\/wp\/v2\/pages"}],"about":[{"href":"https:\/\/huseyinkacin.com\/index.php\/wp-json\/wp\/v2\/types\/page"}],"author":[{"embeddable":true,"href":"https:\/\/huseyinkacin.com\/index.php\/wp-json\/wp\/v2\/users\/1"}],"replies":[{"embeddable":true,"href":"https:\/\/huseyinkacin.com\/index.php\/wp-json\/wp\/v2\/comments?post=7"}],"version-history":[{"count":72,"href":"https:\/\/huseyinkacin.com\/index.php\/wp-json\/wp\/v2\/pages\/7\/revisions"}],"predecessor-version":[{"id":251,"href":"https:\/\/huseyinkacin.com\/index.php\/wp-json\/wp\/v2\/pages\/7\/revisions\/251"}],"wp:attachment":[{"href":"https:\/\/huseyinkacin.com\/index.php\/wp-json\/wp\/v2\/media?parent=7"}],"curies":[{"name":"wp","href":"https:\/\/api.w.org\/{rel}","templated":true}]}}